{"id":194,"date":"2025-02-27T05:32:18","date_gmt":"2025-02-27T05:32:18","guid":{"rendered":"https:\/\/skystar.com.bo\/producto\/smart-tv-75%e2%80%b3-polaroid-4k-hdr3\/"},"modified":"2025-03-05T18:13:34","modified_gmt":"2025-03-05T18:13:34","slug":"smart-tv-75%e2%80%b3-polaroid-4k-hdr3","status":"publish","type":"product","link":"https:\/\/skystar.com.bo\/?product=smart-tv-75%e2%80%b3-polaroid-4k-hdr3","title":{"rendered":"Smart Tv 75\u2033 Polaroid 4K\/HDR3"},"content":{"rendered":"<p>Es un Televisor Smart, cuenta con NETFLIX, YOUTUBE, AMAZON PRIME, WiFi, 3 HDMI, 2 USB, 5 GB de memoria interna, conexi\u00f3n para cable de componente, conexi\u00f3n Optical y conexi\u00f3n para cable coaxial.<\/p>\n","protected":false},"excerpt":{"rendered":"<p>CR\u00c9DITO: 12 cuotas de 1642 Bs\/mes.<\/p>\n<p>Es un Televisor Smart, cuenta con NETFLIX, YOUTUBE, AMAZON PRIME, WiFi, 3 HDMI, 2 USB, 5 GB de memoria interna, conexi\u00f3n para cable de componente, conexi\u00f3n Optical y conexi\u00f3n para cable coaxial.<\/p>\n","protected":false},"featured_media":348,"template":"","meta":[],"product_brand":[21],"product_cat":[27],"product_tag":[35],"class_list":{"0":"post-194","1":"product","2":"type-product","3":"status-publish","4":"has-post-thumbnail","6":"product_brand-polaroid","7":"product_cat-smart-tvs","8":"product_tag-television","10":"first","11":"instock","12":"taxable","13":"shipping-taxable","14":"purchasable","15":"product-type-simple"},"_links":{"self":[{"href":"https:\/\/skystar.com.bo\/index.php?rest_route=\/wp\/v2\/product\/194","targetHints":{"allow":["GET"]}}],"collection":[{"href":"https:\/\/skystar.com.bo\/index.php?rest_route=\/wp\/v2\/product"}],"about":[{"href":"https:\/\/skystar.com.bo\/index.php?rest_route=\/wp\/v2\/types\/product"}],"wp:featuredmedia":[{"embeddable":true,"href":"https:\/\/skystar.com.bo\/index.php?rest_route=\/wp\/v2\/media\/348"}],"wp:attachment":[{"href":"https:\/\/skystar.com.bo\/index.php?rest_route=%2Fwp%2Fv2%2Fmedia&parent=194"}],"wp:term":[{"taxonomy":"product_brand","embeddable":true,"href":"https:\/\/skystar.com.bo\/index.php?rest_route=%2Fwp%2Fv2%2Fproduct_brand&post=194"},{"taxonomy":"product_cat","embeddable":true,"href":"https:\/\/skystar.com.bo\/index.php?rest_route=%2Fwp%2Fv2%2Fproduct_cat&post=194"},{"taxonomy":"product_tag","embeddable":true,"href":"https:\/\/skystar.com.bo\/index.php?rest_route=%2Fwp%2Fv2%2Fproduct_tag&post=194"}],"curies":[{"name":"wp","href":"https:\/\/api.w.org\/{rel}","templated":true}]}}